{"id":246,"date":"2026-04-08T17:42:13","date_gmt":"2026-04-08T16:42:13","guid":{"rendered":"https:\/\/restaurantbeaurivage38.fr\/?page_id=246"},"modified":"2026-04-08T18:19:22","modified_gmt":"2026-04-08T17:19:22","slug":"nos-menus-2","status":"publish","type":"page","link":"https:\/\/restaurantbeaurivage38.fr\/?page_id=246","title":{"rendered":"Nos menus"},"content":{"rendered":"\n<h2 class=\"wp-block-heading\">Une cuisine traditionnelle moderne et de saison<\/h2>\n\n\n\n<p>Au Beau Rivage, chaque repas est une invitation \u00e0 d\u00e9couvrir le meilleur du terroir et des produits locaux. Notre restaurant vous propose des menus vari\u00e9s pour tous les go\u00fbts et toutes les envies, dans un cadre enti\u00e8rement r\u00e9nov\u00e9 et chaleureux.<\/p>\n\n\n\n<p>D\u00e9couvrez ci-dessous nos diff\u00e9rentes formules, pens\u00e9es pour vous faire vivre une exp\u00e9rience unique.<\/p>\n\n\n\n<div class=\"wp-block-uagb-image aligncenter uagb-block-13e0524f wp-block-uagb-image--layout-default wp-block-uagb-image--effect-static wp-block-uagb-image--align-center\"><figure class=\"wp-block-uagb-image__figure\"><img decoding=\"async\" srcset=\"https:\/\/restaurantbeaurivage38.fr\/wp-content\/uploads\/2026\/03\/Petite-vague-pointe.png ,https:\/\/restaurantbeaurivage38.fr\/wp-content\/uploads\/2026\/03\/Petite-vague-pointe.png 780w, https:\/\/restaurantbeaurivage38.fr\/wp-content\/uploads\/2026\/03\/Petite-vague-pointe.png 360w\" sizes=\"auto, (max-width: 480px) 150px\" src=\"https:\/\/restaurantbeaurivage38.fr\/wp-content\/uploads\/2026\/03\/Petite-vague-pointe.png\" alt=\"Petite vague de poissons pointe\" class=\"uag-image-136\" width=\"436\" height=\"42\" title=\"Petite vague pointe\" loading=\"lazy\" role=\"img\"\/><\/figure><\/div>\n\n\n\n<div style=\"height:48px\" aria-hidden=\"true\" class=\"wp-block-spacer\"><\/div>\n\n\n\n<div data-aos= \"fade-right\" data-aos-duration=\"400\" data-aos-delay=\"0\" data-aos-easing=\"ease\" data-aos-once=\"true\" class=\"wp-block-uagb-tabs uagb-block-b05f7316 uagb-tabs__wrap uagb-tabs__hstyle4-desktop uagb-tabs__vstyle6-tablet uagb-tabs__stack1-mobile\" data-tab-active=\"0\"><ul class=\"uagb-tabs__panel uagb-tabs__align-center\" role=\"tablist\"><li class=\"uagb-tab uagb-tabs__active\" role=\"none\"><a href=\"#uagb-tabs__tab0\" class=\"uagb-tabs-list uagb-tabs__icon-position-left\" data-tab=\"0\" role=\"tab\"><div>Menu Beau Rivage<\/div><\/a><\/li><li class=\"uagb-tab \" role=\"none\"><a href=\"#uagb-tabs__tab1\" class=\"uagb-tabs-list uagb-tabs__icon-position-left\" data-tab=\"1\" role=\"tab\"><div>Menu Cuisses de Grenouilles<\/div><\/a><\/li><li class=\"uagb-tab \" role=\"none\"><a href=\"#uagb-tabs__tab2\" class=\"uagb-tabs-list uagb-tabs__icon-position-left\" data-tab=\"2\" role=\"tab\"><div>Menu de la semaine<\/div><\/a><\/li><li class=\"uagb-tab \" role=\"none\"><a href=\"#uagb-tabs__tab3\" class=\"uagb-tabs-list uagb-tabs__icon-position-left\" data-tab=\"3\" role=\"tab\"><div>Menu Enfant<\/div><\/a><\/li><\/ul><div class=\"uagb-tabs__body-wrap\">\n<div data-aos= \"fade-right\" data-aos-duration=\"400\" data-aos-delay=\"0\" data-aos-easing=\"ease\" data-aos-once=\"true\" class=\"wp-block-uagb-tabs-child uagb-tabs__body-container uagb-inner-tab-0\" aria-labelledby=\"uagb-tabs__tab0\">\n<h3 class=\"wp-block-heading\">L\u2019essence de notre cuisine<\/h3>\n\n\n\n<p><strong><em>Servi tous les jours midi et soir ~ 43\u20ac<\/em><\/strong><\/p>\n\n\n\n<p>Notre menu Beau Rivage met \u00e0 l\u2019honneur notre cuisine traditionnelle moderne :<\/p>\n\n\n\n<ul class=\"wp-block-list\">\n<li>Produits frais et locaux<\/li>\n\n\n\n<li>Saveurs authentiques<\/li>\n\n\n\n<li>Une s\u00e9lection d\u2019entr\u00e9es, plats et desserts travaill\u00e9s avec soin<\/li>\n<\/ul>\n\n\n\n<p>Cette formule est id\u00e9ale pour ceux qui souhaitent d\u00e9couvrir l\u2019\u00e2me du restaurant et profiter pleinement du savoir-faire de nos chefs.<\/p>\n\n\n\n<figure class=\"wp-block-image aligncenter size-medium\" style=\"margin-top:var(--wp--preset--spacing--x-small);margin-bottom:var(--wp--preset--spacing--x-small)\"><img loading=\"lazy\" decoding=\"async\" width=\"300\" height=\"29\" src=\"https:\/\/restaurantbeaurivage38.fr\/wp-content\/uploads\/2026\/03\/Petite-vague-pointe-300x29.png\" alt=\"Petite vague de poissons pointe\" class=\"wp-image-136\" srcset=\"https:\/\/restaurantbeaurivage38.fr\/wp-content\/uploads\/2026\/03\/Petite-vague-pointe-300x29.png 300w, https:\/\/restaurantbeaurivage38.fr\/wp-content\/uploads\/2026\/03\/Petite-vague-pointe.png 436w\" sizes=\"auto, (max-width: 300px) 100vw, 300px\" \/><\/figure>\n\n\n\n<p class=\"has-text-align-center\">Entr\u00e9e<\/p>\n\n\n\n<hr class=\"wp-block-separator has-alpha-channel-opacity\"\/>\n\n\n\n<p class=\"has-text-align-center\">Plat<\/p>\n\n\n\n<hr class=\"wp-block-separator has-alpha-channel-opacity\"\/>\n\n\n\n<p class=\"has-text-align-center\">Dessert<\/p>\n\n\n\n<div style=\"height:17px\" aria-hidden=\"true\" class=\"wp-block-spacer\"><\/div>\n\n\n\n<p><em>\u00c0 choisir parmi notre carte &#8211; Attention, certains choix peuvent entra\u00eener un suppl\u00e9ment.<\/em><\/p>\n<\/div>\n\n\n\n<div data-aos= \"fade-right\" data-aos-duration=\"400\" data-aos-delay=\"0\" data-aos-easing=\"ease\" data-aos-once=\"true\" class=\"wp-block-uagb-tabs-child uagb-tabs__body-container uagb-inner-tab-1\" aria-labelledby=\"uagb-tabs__tab1\">\n<h3 class=\"wp-block-heading\">\u00c0 volont\u00e9 tous les vendredis soir<\/h3>\n\n\n\n<p><strong><em>39\u20ac<\/em><\/strong><\/p>\n\n\n\n<p>Pour les amateurs de sp\u00e9cialit\u00e9s, ne manquez pas notre menu cuisses de grenouilles \u00e0 volont\u00e9, disponible tous les vendredis soir.<br>Une tradition conviviale et gourmande, \u00e0 savourer au plus vite.<\/p>\n\n\n\n<p>Pour les amateurs de sp\u00e9cialit\u00e9s, ne manquez pas notre menu cuisses de grenouilles \u00e0 volont\u00e9, disponible tous les vendredis soir.<br>Une tradition conviviale et gourmande, \u00e0 savourer au plus vite.<\/p>\n\n\n\n<figure class=\"wp-block-image aligncenter size-medium\" style=\"margin-top:var(--wp--preset--spacing--x-small);margin-bottom:var(--wp--preset--spacing--x-small)\"><img loading=\"lazy\" decoding=\"async\" width=\"300\" height=\"29\" src=\"https:\/\/restaurantbeaurivage38.fr\/wp-content\/uploads\/2026\/03\/Petite-vague-pointe-300x29.png\" alt=\"Petite vague de poissons pointe\" class=\"wp-image-136\" srcset=\"https:\/\/restaurantbeaurivage38.fr\/wp-content\/uploads\/2026\/03\/Petite-vague-pointe-300x29.png 300w, https:\/\/restaurantbeaurivage38.fr\/wp-content\/uploads\/2026\/03\/Petite-vague-pointe.png 436w\" sizes=\"auto, (max-width: 300px) 100vw, 300px\" \/><\/figure>\n\n\n\n<p class=\"has-text-align-center\">Mesclun de salades, noix torr\u00e9fi\u00e9es, bleu du Vercors et cro\u00fbtons de pain<\/p>\n\n\n\n<hr class=\"wp-block-separator has-alpha-channel-opacity\"\/>\n\n\n\n<p class=\"has-text-align-center\">Cuisses de grenouilles en persillade \u00e0 volont\u00e9, gratin dauphinois<\/p>\n\n\n\n<hr class=\"wp-block-separator has-alpha-channel-opacity\"\/>\n\n\n\n<p class=\"has-text-align-center\">Finger chocolat noir et caramel fleur de sel<\/p>\n<\/div>\n\n\n\n<div data-aos= \"fade-right\" data-aos-duration=\"400\" data-aos-delay=\"0\" data-aos-easing=\"ease\" data-aos-once=\"true\" class=\"wp-block-uagb-tabs-child uagb-tabs__body-container uagb-inner-tab-2\" aria-labelledby=\"uagb-tabs__tab2\">\n<h3 class=\"wp-block-heading\">Toujours frais, toujours surprenant<\/h3>\n\n\n\n<p><strong><em>Du lundi au vendredi, uniquement le midi<\/em><\/strong><\/p>\n\n\n\n<p>Chaque semaine, notre menu de la semaine change pour vous proposer des cr\u00e9ations originales, en fonction des saisons et des produits disponibles chez nos producteurs locaux.<br><br>Un rendez-vous gourmand qui ravira les amateurs de nouveaut\u00e9 et de fra\u00eecheur.<\/p>\n\n\n\n<figure class=\"wp-block-image aligncenter size-medium\" style=\"margin-top:var(--wp--preset--spacing--x-small);margin-bottom:var(--wp--preset--spacing--x-small)\"><img loading=\"lazy\" decoding=\"async\" width=\"300\" height=\"29\" src=\"https:\/\/restaurantbeaurivage38.fr\/wp-content\/uploads\/2026\/03\/Petite-vague-pointe-300x29.png\" alt=\"Petite vague de poissons pointe\" class=\"wp-image-136\" srcset=\"https:\/\/restaurantbeaurivage38.fr\/wp-content\/uploads\/2026\/03\/Petite-vague-pointe-300x29.png 300w, https:\/\/restaurantbeaurivage38.fr\/wp-content\/uploads\/2026\/03\/Petite-vague-pointe.png 436w\" sizes=\"auto, (max-width: 300px) 100vw, 300px\" \/><\/figure>\n\n\n\n<p class=\"has-text-align-center\">Entr\u00e9e + Plat <strong>OU<\/strong> Plat + Dessert ~ <strong><em>21\u20ac<\/em><\/strong><\/p>\n\n\n\n<hr class=\"wp-block-separator has-alpha-channel-opacity\"\/>\n\n\n\n<p class=\"has-text-align-center\">Entr\u00e9e + Plat + Dessert <strong>OU<\/strong> Fromage ~ <strong><em>25\u20ac<\/em><\/strong><\/p>\n\n\n\n<hr class=\"wp-block-separator has-alpha-channel-opacity\"\/>\n\n\n\n<p class=\"has-text-align-center\">Plat seul ~ <strong><em>19\u20ac<\/em><\/strong><\/p>\n<\/div>\n\n\n\n<div data-aos= \"fade-right\" data-aos-duration=\"400\" data-aos-delay=\"0\" data-aos-easing=\"ease\" data-aos-once=\"true\" class=\"wp-block-uagb-tabs-child uagb-tabs__body-container uagb-inner-tab-3\" aria-labelledby=\"uagb-tabs__tab3\">\n<h3 class=\"wp-block-heading\">Pour les petits gourmets<\/h3>\n\n\n\n<p><strong><em>Jusqu\u2019\u00e0 12 ans ~ 16\u20ac<\/em><\/strong><\/p>\n\n\n\n<p>Parce que nos jeunes convives m\u00e9ritent aussi le meilleur, le menu enfant propose des plats simples, savoureux et \u00e9quilibr\u00e9s, adapt\u00e9s aux go\u00fbts des enfants.<\/p>\n\n\n\n<figure class=\"wp-block-image aligncenter size-medium\" style=\"margin-top:var(--wp--preset--spacing--x-small);margin-bottom:var(--wp--preset--spacing--x-small)\"><img loading=\"lazy\" decoding=\"async\" width=\"300\" height=\"29\" src=\"https:\/\/restaurantbeaurivage38.fr\/wp-content\/uploads\/2026\/03\/Petite-vague-pointe-300x29.png\" alt=\"Petite vague de poissons pointe\" class=\"wp-image-136\" srcset=\"https:\/\/restaurantbeaurivage38.fr\/wp-content\/uploads\/2026\/03\/Petite-vague-pointe-300x29.png 300w, https:\/\/restaurantbeaurivage38.fr\/wp-content\/uploads\/2026\/03\/Petite-vague-pointe.png 436w\" sizes=\"auto, (max-width: 300px) 100vw, 300px\" \/><\/figure>\n\n\n\n<p class=\"has-text-align-center\">Cordon bleu maison, gratin dauphinois et l\u00e9gumes de saison r\u00f4tis<br><strong>OU<\/strong><br>Plat \u00e0 la carte en portion r\u00e9duite<\/p>\n\n\n\n<hr class=\"wp-block-separator has-alpha-channel-opacity\"\/>\n\n\n\n<p class=\"has-text-align-center\">Glace 1 boule<br><strong>OU<\/strong><br>Fromage blanc<\/p>\n<\/div>\n<\/div><\/div>\n\n\n\n<p><\/p>\n","protected":false},"excerpt":{"rendered":"<p>Une cuisine traditionnelle moderne et de saison Au Beau Rivage, chaque repas est une invitation \u00e0 d\u00e9couvrir le meilleur du terroir et des produits locaux. Notre restaurant vous propose des menus vari\u00e9s pour tous les go\u00fbts et toutes les envies, dans un cadre enti\u00e8rement r\u00e9nov\u00e9 et chaleureux. D\u00e9couvrez ci-dessous nos diff\u00e9rentes formules, pens\u00e9es pour vous &hellip; <\/p>\n<p class=\"link-more\"><a href=\"https:\/\/restaurantbeaurivage38.fr\/?page_id=246\" class=\"more-link\">Lire la suite de<span class=\"screen-reader-text\">\u00ab\u00a0Nos menus\u00a0\u00bb<\/span><\/a><\/p>\n","protected":false},"author":1,"featured_media":0,"parent":0,"menu_order":0,"comment_status":"closed","ping_status":"closed","template":"","meta":{"_uag_custom_page_level_css":"","inspiro_hide_title":false,"footnotes":""},"class_list":["post-246","page","type-page","status-publish","hentry"],"yoast_head":"<!-- This site is optimized with the Yoast SEO plugin v27.3 - https:\/\/yoast.com\/product\/yoast-seo-wordpress\/ -->\n<title>Nos menus - Restaurant Beau Rivage<\/title>\n<meta name=\"description\" content=\"D\u00e9couvrez nos menus et laissez-vous tenter par des plats qui allient go\u00fbt et cr\u00e9ativit\u00e9 pour tous les go\u00fbts.\" \/>\n<meta name=\"robots\" content=\"index, follow, max-snippet:-1, max-image-preview:large, max-video-preview:-1\" \/>\n<link rel=\"canonical\" href=\"https:\/\/restaurantbeaurivage38.fr\/?page_id=246\" \/>\n<meta property=\"og:locale\" content=\"fr_FR\" \/>\n<meta property=\"og:type\" content=\"article\" \/>\n<meta property=\"og:title\" content=\"Nos menus - Restaurant Beau Rivage\" \/>\n<meta property=\"og:description\" content=\"D\u00e9couvrez nos menus et laissez-vous tenter par des plats qui allient go\u00fbt et cr\u00e9ativit\u00e9 pour tous les go\u00fbts.\" \/>\n<meta property=\"og:url\" content=\"https:\/\/restaurantbeaurivage38.fr\/?page_id=246\" \/>\n<meta property=\"og:site_name\" content=\"Restaurant Beau Rivage\" \/>\n<meta property=\"article:modified_time\" content=\"2026-04-08T17:19:22+00:00\" \/>\n<meta property=\"og:image\" content=\"http:\/\/restaurantbeaurivage38.fr\/wp-content\/uploads\/2026\/03\/Petite-vague-pointe.png\" \/>\n<meta name=\"twitter:card\" content=\"summary_large_image\" \/>\n<meta name=\"twitter:label1\" content=\"Dur\u00e9e de lecture estim\u00e9e\" \/>\n\t<meta name=\"twitter:data1\" content=\"3 minutes\" \/>\n<script type=\"application\/ld+json\" class=\"yoast-schema-graph\">{\"@context\":\"https:\\\/\\\/schema.org\",\"@graph\":[{\"@type\":\"WebPage\",\"@id\":\"https:\\\/\\\/restaurantbeaurivage38.fr\\\/?page_id=246\",\"url\":\"https:\\\/\\\/restaurantbeaurivage38.fr\\\/?page_id=246\",\"name\":\"Nos menus - Restaurant Beau Rivage\",\"isPartOf\":{\"@id\":\"http:\\\/\\\/restaurantbeaurivage38.fr\\\/#website\"},\"primaryImageOfPage\":{\"@id\":\"https:\\\/\\\/restaurantbeaurivage38.fr\\\/?page_id=246#primaryimage\"},\"image\":{\"@id\":\"https:\\\/\\\/restaurantbeaurivage38.fr\\\/?page_id=246#primaryimage\"},\"thumbnailUrl\":\"http:\\\/\\\/restaurantbeaurivage38.fr\\\/wp-content\\\/uploads\\\/2026\\\/03\\\/Petite-vague-pointe.png\",\"datePublished\":\"2026-04-08T16:42:13+00:00\",\"dateModified\":\"2026-04-08T17:19:22+00:00\",\"description\":\"D\u00e9couvrez nos menus et laissez-vous tenter par des plats qui allient go\u00fbt et cr\u00e9ativit\u00e9 pour tous les go\u00fbts.\",\"breadcrumb\":{\"@id\":\"https:\\\/\\\/restaurantbeaurivage38.fr\\\/?page_id=246#breadcrumb\"},\"inLanguage\":\"fr-FR\",\"potentialAction\":[{\"@type\":\"ReadAction\",\"target\":[\"https:\\\/\\\/restaurantbeaurivage38.fr\\\/?page_id=246\"]}]},{\"@type\":\"ImageObject\",\"inLanguage\":\"fr-FR\",\"@id\":\"https:\\\/\\\/restaurantbeaurivage38.fr\\\/?page_id=246#primaryimage\",\"url\":\"https:\\\/\\\/restaurantbeaurivage38.fr\\\/wp-content\\\/uploads\\\/2026\\\/03\\\/Petite-vague-pointe.png\",\"contentUrl\":\"https:\\\/\\\/restaurantbeaurivage38.fr\\\/wp-content\\\/uploads\\\/2026\\\/03\\\/Petite-vague-pointe.png\",\"width\":436,\"height\":42,\"caption\":\"Petite vague de poissons pointe\"},{\"@type\":\"BreadcrumbList\",\"@id\":\"https:\\\/\\\/restaurantbeaurivage38.fr\\\/?page_id=246#breadcrumb\",\"itemListElement\":[{\"@type\":\"ListItem\",\"position\":1,\"name\":\"Accueil\",\"item\":\"http:\\\/\\\/restaurantbeaurivage38.fr\\\/\"},{\"@type\":\"ListItem\",\"position\":2,\"name\":\"Nos menus\"}]},{\"@type\":\"WebSite\",\"@id\":\"http:\\\/\\\/restaurantbeaurivage38.fr\\\/#website\",\"url\":\"http:\\\/\\\/restaurantbeaurivage38.fr\\\/\",\"name\":\"Restaurant Beau Rivage\",\"description\":\"\",\"publisher\":{\"@id\":\"http:\\\/\\\/restaurantbeaurivage38.fr\\\/#organization\"},\"potentialAction\":[{\"@type\":\"SearchAction\",\"target\":{\"@type\":\"EntryPoint\",\"urlTemplate\":\"http:\\\/\\\/restaurantbeaurivage38.fr\\\/?s={search_term_string}\"},\"query-input\":{\"@type\":\"PropertyValueSpecification\",\"valueRequired\":true,\"valueName\":\"search_term_string\"}}],\"inLanguage\":\"fr-FR\"},{\"@type\":\"Organization\",\"@id\":\"http:\\\/\\\/restaurantbeaurivage38.fr\\\/#organization\",\"name\":\"Restaurant Beau Rivage\",\"url\":\"http:\\\/\\\/restaurantbeaurivage38.fr\\\/\",\"logo\":{\"@type\":\"ImageObject\",\"inLanguage\":\"fr-FR\",\"@id\":\"http:\\\/\\\/restaurantbeaurivage38.fr\\\/#\\\/schema\\\/logo\\\/image\\\/\",\"url\":\"https:\\\/\\\/restaurantbeaurivage38.fr\\\/wp-content\\\/uploads\\\/2026\\\/03\\\/cropped-cropped-cropped-Fichier-23-2-2.png\",\"contentUrl\":\"https:\\\/\\\/restaurantbeaurivage38.fr\\\/wp-content\\\/uploads\\\/2026\\\/03\\\/cropped-cropped-cropped-Fichier-23-2-2.png\",\"width\":123,\"height\":21,\"caption\":\"Restaurant Beau Rivage\"},\"image\":{\"@id\":\"http:\\\/\\\/restaurantbeaurivage38.fr\\\/#\\\/schema\\\/logo\\\/image\\\/\"}}]}<\/script>\n<!-- \/ Yoast SEO plugin. -->","yoast_head_json":{"title":"Nos menus - Restaurant Beau Rivage","description":"D\u00e9couvrez nos menus et laissez-vous tenter par des plats qui allient go\u00fbt et cr\u00e9ativit\u00e9 pour tous les go\u00fbts.","robots":{"index":"index","follow":"follow","max-snippet":"max-snippet:-1","max-image-preview":"max-image-preview:large","max-video-preview":"max-video-preview:-1"},"canonical":"https:\/\/restaurantbeaurivage38.fr\/?page_id=246","og_locale":"fr_FR","og_type":"article","og_title":"Nos menus - Restaurant Beau Rivage","og_description":"D\u00e9couvrez nos menus et laissez-vous tenter par des plats qui allient go\u00fbt et cr\u00e9ativit\u00e9 pour tous les go\u00fbts.","og_url":"https:\/\/restaurantbeaurivage38.fr\/?page_id=246","og_site_name":"Restaurant Beau Rivage","article_modified_time":"2026-04-08T17:19:22+00:00","og_image":[{"url":"http:\/\/restaurantbeaurivage38.fr\/wp-content\/uploads\/2026\/03\/Petite-vague-pointe.png","type":"","width":"","height":""}],"twitter_card":"summary_large_image","twitter_misc":{"Dur\u00e9e de lecture estim\u00e9e":"3 minutes"},"schema":{"@context":"https:\/\/schema.org","@graph":[{"@type":"WebPage","@id":"https:\/\/restaurantbeaurivage38.fr\/?page_id=246","url":"https:\/\/restaurantbeaurivage38.fr\/?page_id=246","name":"Nos menus - Restaurant Beau Rivage","isPartOf":{"@id":"http:\/\/restaurantbeaurivage38.fr\/#website"},"primaryImageOfPage":{"@id":"https:\/\/restaurantbeaurivage38.fr\/?page_id=246#primaryimage"},"image":{"@id":"https:\/\/restaurantbeaurivage38.fr\/?page_id=246#primaryimage"},"thumbnailUrl":"http:\/\/restaurantbeaurivage38.fr\/wp-content\/uploads\/2026\/03\/Petite-vague-pointe.png","datePublished":"2026-04-08T16:42:13+00:00","dateModified":"2026-04-08T17:19:22+00:00","description":"D\u00e9couvrez nos menus et laissez-vous tenter par des plats qui allient go\u00fbt et cr\u00e9ativit\u00e9 pour tous les go\u00fbts.","breadcrumb":{"@id":"https:\/\/restaurantbeaurivage38.fr\/?page_id=246#breadcrumb"},"inLanguage":"fr-FR","potentialAction":[{"@type":"ReadAction","target":["https:\/\/restaurantbeaurivage38.fr\/?page_id=246"]}]},{"@type":"ImageObject","inLanguage":"fr-FR","@id":"https:\/\/restaurantbeaurivage38.fr\/?page_id=246#primaryimage","url":"https:\/\/restaurantbeaurivage38.fr\/wp-content\/uploads\/2026\/03\/Petite-vague-pointe.png","contentUrl":"https:\/\/restaurantbeaurivage38.fr\/wp-content\/uploads\/2026\/03\/Petite-vague-pointe.png","width":436,"height":42,"caption":"Petite vague de poissons pointe"},{"@type":"BreadcrumbList","@id":"https:\/\/restaurantbeaurivage38.fr\/?page_id=246#breadcrumb","itemListElement":[{"@type":"ListItem","position":1,"name":"Accueil","item":"http:\/\/restaurantbeaurivage38.fr\/"},{"@type":"ListItem","position":2,"name":"Nos menus"}]},{"@type":"WebSite","@id":"http:\/\/restaurantbeaurivage38.fr\/#website","url":"http:\/\/restaurantbeaurivage38.fr\/","name":"Restaurant Beau Rivage","description":"","publisher":{"@id":"http:\/\/restaurantbeaurivage38.fr\/#organization"},"potentialAction":[{"@type":"SearchAction","target":{"@type":"EntryPoint","urlTemplate":"http:\/\/restaurantbeaurivage38.fr\/?s={search_term_string}"},"query-input":{"@type":"PropertyValueSpecification","valueRequired":true,"valueName":"search_term_string"}}],"inLanguage":"fr-FR"},{"@type":"Organization","@id":"http:\/\/restaurantbeaurivage38.fr\/#organization","name":"Restaurant Beau Rivage","url":"http:\/\/restaurantbeaurivage38.fr\/","logo":{"@type":"ImageObject","inLanguage":"fr-FR","@id":"http:\/\/restaurantbeaurivage38.fr\/#\/schema\/logo\/image\/","url":"https:\/\/restaurantbeaurivage38.fr\/wp-content\/uploads\/2026\/03\/cropped-cropped-cropped-Fichier-23-2-2.png","contentUrl":"https:\/\/restaurantbeaurivage38.fr\/wp-content\/uploads\/2026\/03\/cropped-cropped-cropped-Fichier-23-2-2.png","width":123,"height":21,"caption":"Restaurant Beau Rivage"},"image":{"@id":"http:\/\/restaurantbeaurivage38.fr\/#\/schema\/logo\/image\/"}}]}},"uagb_featured_image_src":{"full":false,"thumbnail":false,"medium":false,"medium_large":false,"large":false,"1536x1536":false,"2048x2048":false,"inspiro-featured-image":false,"inspiro-loop":false,"inspiro-loop@2x":false},"uagb_author_info":{"display_name":"Impact'com","author_link":"https:\/\/restaurantbeaurivage38.fr\/?author=1"},"uagb_comment_info":0,"uagb_excerpt":"Une cuisine traditionnelle moderne et de saison Au Beau Rivage, chaque repas est une invitation \u00e0 d\u00e9couvrir le meilleur du terroir et des produits locaux. Notre restaurant vous propose des menus vari\u00e9s pour tous les go\u00fbts et toutes les envies, dans un cadre enti\u00e8rement r\u00e9nov\u00e9 et chaleureux. D\u00e9couvrez ci-dessous nos diff\u00e9rentes formules, pens\u00e9es pour vous\u2026","_links":{"self":[{"href":"https:\/\/restaurantbeaurivage38.fr\/index.php?rest_route=\/wp\/v2\/pages\/246","targetHints":{"allow":["GET"]}}],"collection":[{"href":"https:\/\/restaurantbeaurivage38.fr\/index.php?rest_route=\/wp\/v2\/pages"}],"about":[{"href":"https:\/\/restaurantbeaurivage38.fr\/index.php?rest_route=\/wp\/v2\/types\/page"}],"author":[{"embeddable":true,"href":"https:\/\/restaurantbeaurivage38.fr\/index.php?rest_route=\/wp\/v2\/users\/1"}],"replies":[{"embeddable":true,"href":"https:\/\/restaurantbeaurivage38.fr\/index.php?rest_route=%2Fwp%2Fv2%2Fcomments&post=246"}],"version-history":[{"count":25,"href":"https:\/\/restaurantbeaurivage38.fr\/index.php?rest_route=\/wp\/v2\/pages\/246\/revisions"}],"predecessor-version":[{"id":314,"href":"https:\/\/restaurantbeaurivage38.fr\/index.php?rest_route=\/wp\/v2\/pages\/246\/revisions\/314"}],"wp:attachment":[{"href":"https:\/\/restaurantbeaurivage38.fr\/index.php?rest_route=%2Fwp%2Fv2%2Fmedia&parent=246"}],"curies":[{"name":"wp","href":"https:\/\/api.w.org\/{rel}","templated":true}]}}